{"id":4380,"date":"2014-04-01T14:32:25","date_gmt":"2014-04-01T12:32:25","guid":{"rendered":"https:\/\/www.aquanautic-elba.de\/?page_id=4380"},"modified":"2016-01-20T12:28:56","modified_gmt":"2016-01-20T10:28:56","slug":"elba","status":"publish","type":"page","link":"https:\/\/aquanautic-elba.de\/nl\/elba\/","title":{"rendered":"Elba"},"content":{"rendered":"<div class=\"wpb-content-wrapper\"><p>[vc_row margin_top=&#8221;30&#8243; margin_bottom=&#8221;30&#8243;][vc_column][vc_column_text]<\/p>\n<h2 style=\"text-align: center;\">De parel van de Tyrreense Zee<\/h2>\n<h3 style=\"text-align: center;\">Vele aanbiedingen en mogelijkheden voor uw vakantie op Elba<\/h3>\n<p>[\/vc_column_text]<div class=\"gap\" style=\"line-height: 30px; height: 30px;\"><\/div>[\/vc_column][\/vc_row][vc_row type=&#8221;1&#8243; bg_color=&#8221;#f9fbfd&#8221; bg_position=&#8221;center&#8221; padding_top=&#8221;50&#8243; padding_bottom=&#8221;50&#8243; bg_image=&#8221;https:\/\/www.aquanautic-elba.de\/\/wp-content\/uploads\/2014\/06\/bg_elba2.jpg&#8221;][vc_column width=&#8221;1\/2&#8243;][\/vc_column][vc_column width=&#8221;1\/2&#8243;][vc_column_text]<\/p>\n<h3><a title=\"Die Insel Elba\" href=\"https:\/\/www.aquanautic-elba.de\/\/elba\/die-insel-elba\/\">Het eiland Elba<\/a><\/h3>\n<p>[\/vc_column_text]<div class=\"gap\" style=\"line-height: 25px; height: 25px;\"><\/div>[vc_column_text]Het op drie na grootste eiland van Itali\u00eb verenigt alle voordelen van Toscane. Van met pijnbomen begroeide bergen tot fijne zandstranden vindt men op het 223,5 km2 grote eiland alles wat het vakantiehart begeert. Naast een spannend sportaanbod in het water en op het land beschikt Elba ook over een breed cultureel aanbod.<\/p>\n<p>De grote keizer Napoleon, waaraan Elba een aanzienlijke stijging in de kwaliteit van leven te danken heeft, komt niet alleen voor in de namen van vele hotels en restaurants, er is ook een museum aan hem gewijd. De twee residenties van Napoleon waar hij tijdens zijn ballingschap woonde zijn eveneens een bezoek waard alsook het nog vaak gebruikte Teatro die Vigilanti.[\/vc_column_text]<div class=\"gap\" style=\"line-height: 30px; height: 30px;\"><\/div><div class=\" ubtn-ctn-left \"><a class=\"ubtn-link ult-adjust-bottom-margin ubtn-left ubtn-normal \" href=\"http:\/\/www.aquanautic-elba.de\/nl\/elba\/het-eiland-elba\/\" ><button type=\"button\" id=\"ubtn-1100\"  class=\"ubtn ult-adjust-bottom-margin ult-responsive ubtn-normal ubtn-fade-bg  none  ubtn-left   tooltip-69e31dcd1a682\"  data-hover=\"\" data-border-color=\"\" data-bg=\"#f1c50f\" data-hover-bg=\"#e2b10d\" data-border-hover=\"\" data-shadow-hover=\"\" data-shadow-click=\"none\" data-shadow=\"\" data-shd-shadow=\"\"  data-ultimate-target='#ubtn-1100'  data-responsive-json-new='{\"font-size\":\"desktop:14px;\",\"line-height\":\"\"}'  style=\"font-weight:normal;border:none;background: #f1c50f;color: #265f83;\"><span class=\"ubtn-hover\" style=\"background-color:#e2b10d\"><\/span><span class=\"ubtn-data ubtn-text \" >Het eiland Elba<\/span><\/button><\/a><\/div>[\/vc_column][\/vc_row][vc_row type=&#8221;2&#8243; bg_position=&#8221;center&#8221; bg_cover=&#8221;true&#8221; bg_attachment=&#8221;true&#8221; padding_top=&#8221;50&#8243; padding_bottom=&#8221;50&#8243; bg_image=&#8221;https:\/\/www.aquanautic-elba.de\/\/wp-content\/uploads\/2014\/06\/bg_aktivit\u00e4ten.jpg&#8221;][vc_column width=&#8221;1\/2&#8243;][vc_column_text]<\/p>\n<h3><a title=\"Aktivit\u00e4ten\" href=\"https:\/\/www.aquanautic-elba.de\/\/elba\/aktivitaeten\/\">Activiteiten op Elba<\/a><\/h3>\n<p>[\/vc_column_text]<div class=\"gap\" style=\"line-height: 25px; height: 25px;\"><\/div>[vc_column_text]Zowel in het water als op het land heeft Elba voor iedereen een sportief aanbod alsook een cultureel aanbod. De wonderschone kusten bieden het perfecte panorama voor fiets- of wandeltochten, terwijl de talrijke kleine baaien en de vele goed uitgeruste haventjes u uitnodigen voor een ontdekkingsreis met een zeil- of motorboot.<\/p>\n<p>Op de constant wisselende weekmarkten vindt u traditionele producten en specialiteiten van het eiland. Wanneer u na een dag vol met gebeurtenissen in de avond lekker wilt bijkomen, moet u eens de openlucht bioscoop op Elba bezoeken om te genieten van een spannende film vanuit een fantastische coulisse.[\/vc_column_text]<div class=\"gap\" style=\"line-height: 30px; height: 30px;\"><\/div><div class=\" ubtn-ctn-left \"><a class=\"ubtn-link ult-adjust-bottom-margin ubtn-left ubtn-normal \" href=\"http:\/\/www.aquanautic-elba.de\/nl\/elba\/activiteiten\/\" ><button type=\"button\" id=\"ubtn-2832\"  class=\"ubtn ult-adjust-bottom-margin ult-responsive ubtn-normal ubtn-fade-bg  none  ubtn-left   tooltip-69e31dcd1a7e9\"  data-hover=\"\" data-border-color=\"\" data-bg=\"#f1c50f\" data-hover-bg=\"#e2b10d\" data-border-hover=\"\" data-shadow-hover=\"\" data-shadow-click=\"none\" data-shadow=\"\" data-shd-shadow=\"\"  data-ultimate-target='#ubtn-2832'  data-responsive-json-new='{\"font-size\":\"desktop:14px;\",\"line-height\":\"\"}'  style=\"font-weight:normal;border:none;background: #f1c50f;color: #265f83;\"><span class=\"ubtn-hover\" style=\"background-color:#e2b10d\"><\/span><span class=\"ubtn-data ubtn-text \" >Activiteiten op Elba<\/span><\/button><\/a><\/div>[\/vc_column][vc_column width=&#8221;1\/2&#8243;][\/vc_column][\/vc_row][vc_row type=&#8221;5&#8243; bg_color=&#8221;#4ab6e4&#8243; bg_position=&#8221;center&#8221; bg_cover=&#8221;true&#8221; bg_attachment=&#8221;true&#8221; padding_top=&#8221;50&#8243; padding_bottom=&#8221;50&#8243; bg_image=&#8221;https:\/\/www.aquanautic-elba.de\/wp-content\/uploads\/2014\/11\/jugendreise-elba-4.jpg&#8221;][vc_column width=&#8221;1\/2&#8243;][\/vc_column][vc_column width=&#8221;1\/2&#8243;][vc_column_text]<\/p>\n<h3><a href=\"http:\/\/jugendreisen.de\/\">Jugendreisen von 13 bis 23 Jahren<\/a><\/h3>\n<p>[\/vc_column_text]<div class=\"gap\" style=\"line-height: 25px; height: 25px;\"><\/div>[vc_column_text]Mit unseren Jugendreisen erlebst Du den Sommer Deines Lebens. Egal ob Du noch nicht tauchen kannst, Anf\u00e4nger bist oder schon \u00f6fter tauchen warst, unsere Tauchreisen &#8220;Ger\u00e4tetauchen&#8221; und &#8220;Apnoetauchen&#8221; eignen sich f\u00fcr jeden, der die faszinierende Unterwasserwelt entdecken und erleben will.<\/p>\n<p>W\u00e4hrend der 10-t\u00e4gigen Reise f\u00fchren wir Dich in die Welt des Tauchens ein, Du machst Mountainbike-Touren, f\u00e4hrst mit dem Speedboot, wanderst auf den h\u00f6chsten Gipfel Elbas oder machst Ausfl\u00fcge in die Hauptstadt Portoferraio. Nat\u00fcrlich hast Du aber auch Zeit Dich am Strand mit Deinen Freunden zu sonnen und eigene kleine Ausfl\u00fcge zu planen.[\/vc_column_text]<div class=\"gap\" style=\"line-height: 30px; height: 30px;\"><\/div>[vc_button2 title=&#8221;Mehr \u00fcber unsere Jugendreisen erfahren&#8221; color=&#8221;aquanautic_yellow&#8221; link=&#8221;url:http%3A%2F%2Fwww.aquanautic-elba.de%2Felba%2Fjugendreisen%2F|title:Jugendreisen|&#8221;][\/vc_column][\/vc_row][vc_row type=&#8221;2&#8243; bg_color=&#8221;#4ab6e4&#8243; bg_position=&#8221;center&#8221; padding_top=&#8221;50&#8243; padding_bottom=&#8221;50&#8243; bg_image=&#8221;https:\/\/www.aquanautic-elba.de\/\/wp-content\/uploads\/2014\/05\/teaser_anreise1.jpg&#8221;][vc_column width=&#8221;1\/2&#8243;][\/vc_column][vc_column width=&#8221;1\/2&#8243;][vc_column_text]<\/p>\n<h3><a title=\"Anreise\" href=\"https:\/\/www.aquanautic-elba.de\/\/elba\/anreise\/\">Heenreis<\/a><\/h3>\n<p>[\/vc_column_text]<div class=\"gap\" style=\"line-height: 25px; height: 25px;\"><\/div>[vc_column_text]De heenreis naar Elba kunt u dankzij de veerdienst en de luchthaven van het eiland gemakkelijk met de eigen auto of per vliegtuig plannen. In het hoogseizoen adviseren wij u de autoveerdienst van tevoren te reserveren omdat er maar een beperkt aantal plaatsen beschikbaar is. Voetgangers vinden altijd wel een plek. Gaarne bieden wij u voor de veerdienst reserveringen en een kortingscode aan, uw besparing zal aanzienlijk zijn.<\/p>\n<p>Met het vliegtuig bereikt u Elba per directe vlucht of met een overstap. Wij helpen u graag bij de planning. Een shuttle-service tussen ons duikcentrum en het vliegveld in Marina di Campo of de haven in Portoferraio bieden wij u natuurlijk graag aan.[\/vc_column_text]<div class=\"gap\" style=\"line-height: 30px; height: 30px;\"><\/div><div class=\" ubtn-ctn-left \"><a class=\"ubtn-link ult-adjust-bottom-margin ubtn-left ubtn-normal \" href=\"http:\/\/www.aquanautic-elba.de\/nl\/elba\/heenreis\/\" ><button type=\"button\" id=\"ubtn-2082\"  class=\"ubtn ult-adjust-bottom-margin ult-responsive ubtn-normal ubtn-fade-bg  none  ubtn-left   tooltip-69e31dcd1a979\"  data-hover=\"\" data-border-color=\"\" data-bg=\"#f1c50f\" data-hover-bg=\"#e2b10d\" data-border-hover=\"\" data-shadow-hover=\"\" data-shadow-click=\"none\" data-shadow=\"\" data-shd-shadow=\"\"  data-ultimate-target='#ubtn-2082'  data-responsive-json-new='{\"font-size\":\"desktop:14px;\",\"line-height\":\"\"}'  style=\"font-weight:normal;border:none;background: #f1c50f;color: #265f83;\"><span class=\"ubtn-hover\" style=\"background-color:#e2b10d\"><\/span><span class=\"ubtn-data ubtn-text \" >Heenreis plannen<\/span><\/button><\/a><\/div>[\/vc_column][\/vc_row][vc_row type=&#8221;2&#8243; bg_position=&#8221;center&#8221; bg_cover=&#8221;true&#8221; bg_attachment=&#8221;true&#8221; padding_top=&#8221;50&#8243; padding_bottom=&#8221;50&#8243; bg_image=&#8221;https:\/\/www.aquanautic-elba.de\/\/wp-content\/uploads\/2014\/06\/bg_unterkuenfte21.jpg&#8221;][vc_column width=&#8221;1\/2&#8243;][vc_column_text]<\/p>\n<h3><a title=\"Unterkunft\" href=\"https:\/\/www.aquanautic-elba.de\/\/elba\/unterkunft\/\">Onderkomens op Elba<\/a><\/h3>\n<p>[\/vc_column_text]<div class=\"gap\" style=\"line-height: 25px; height: 25px;\"><\/div>[vc_column_text el_class=&#8221;textbox-black&#8221;]Appartement, hotel of camping: Elba heeft voor iedereen een passende oplossing. De mooie appartementen van het duikcentrum zijn niet alleen aantrekkelijk door hun ligging vlakbij het strand, maar ook door een onovertroffen uitzicht en een reusachtige goed onderhouden tuin. Of u nu alleen of met een grote familie reist, wij hebben voor elke reiziger het passende appartement.<\/p>\n<p>Wie liever een echte natuurvakantie beleven wil kan op de nabij gelegen camping zijn tenten opslaan. En wie ter afwisseling eens niet zijn eigen ontbijt wil klaarmaken, kan in \u00e9\u00e9n van de kleine en charmante hotels alles vinden wat zijn hart begeert.[\/vc_column_text]<div class=\"gap\" style=\"line-height: 30px; height: 30px;\"><\/div><div class=\" ubtn-ctn-left \"><a class=\"ubtn-link ult-adjust-bottom-margin ubtn-left ubtn-normal \" href=\"http:\/\/www.aquanautic-elba.de\/nl\/elba\/onderkomen\/\" ><button type=\"button\" id=\"ubtn-5615\"  class=\"ubtn ult-adjust-bottom-margin ult-responsive ubtn-normal ubtn-fade-bg  none  ubtn-left   tooltip-69e31dcd1ad03\"  data-hover=\"\" data-border-color=\"\" data-bg=\"#f1c50f\" data-hover-bg=\"#e2b10d\" data-border-hover=\"\" data-shadow-hover=\"\" data-shadow-click=\"none\" data-shadow=\"\" data-shd-shadow=\"\"  data-ultimate-target='#ubtn-5615'  data-responsive-json-new='{\"font-size\":\"desktop:14px;\",\"line-height\":\"\"}'  style=\"font-weight:normal;border:none;background: #f1c50f;color: #265f83;\"><span class=\"ubtn-hover\" style=\"background-color:#e2b10d\"><\/span><span class=\"ubtn-data ubtn-text \" >Onderkomens op Elba<\/span><\/button><\/a><\/div>[\/vc_column][vc_column width=&#8221;1\/2&#8243;][\/vc_column][\/vc_row][vc_row type=&#8221;1&#8243; bg_color=&#8221;#f9fbfd&#8221; bg_position=&#8221;center&#8221; padding_top=&#8221;50&#8243; padding_bottom=&#8221;50&#8243; bg_image=&#8221;https:\/\/www.aquanautic-elba.de\/\/wp-content\/uploads\/2014\/05\/logos_fahren.jpg&#8221;][vc_column width=&#8221;1\/2&#8243;][\/vc_column][vc_column width=&#8221;1\/2&#8243;][vc_column_text]<\/p>\n<h3><a title=\"F\u00e4hrbuchung\" href=\"https:\/\/www.aquanautic-elba.de\/\/elba\/faehrbuchung\/\">Veerdienst reserveren<\/a><\/h3>\n<p>[\/vc_column_text]<div class=\"gap\" style=\"line-height: 25px; height: 25px;\"><\/div>[vc_column_text]Bent u van plan met de veerdienst aan te komen? Boekt dan via onze website en verzeker u van de laagste tarieven. Vul gewoon het formulier in en bespaar tot op 20% van de originele prijs. Wij zijn u graag behulpzaam, informeer dus bij ons![\/vc_column_text]<div class=\"gap\" style=\"line-height: 30px; height: 30px;\"><\/div><div class=\" ubtn-ctn-left \"><a class=\"ubtn-link ult-adjust-bottom-margin ubtn-left ubtn-normal \" href=\"http:\/\/www.aquanautic-elba.de\/nl\/elba\/veerdiensten\/\" ><button type=\"button\" id=\"ubtn-8669\"  class=\"ubtn ult-adjust-bottom-margin ult-responsive ubtn-normal ubtn-fade-bg  none  ubtn-left   tooltip-69e31dcd1ae20\"  data-hover=\"\" data-border-color=\"\" data-bg=\"#f1c50f\" data-hover-bg=\"#e2b10d\" data-border-hover=\"\" data-shadow-hover=\"\" data-shadow-click=\"none\" data-shadow=\"\" data-shd-shadow=\"\"  data-ultimate-target='#ubtn-8669'  data-responsive-json-new='{\"font-size\":\"desktop:14px;\",\"line-height\":\"\"}'  style=\"font-weight:normal;border:none;background: #f1c50f;color: #265f83;\"><span class=\"ubtn-hover\" style=\"background-color:#e2b10d\"><\/span><span class=\"ubtn-data ubtn-text \" >Boek hier de veerdienst naar Elba<\/span><\/button><\/a><\/div>[\/vc_column][\/vc_row]<\/p>\n<\/div>","protected":false},"excerpt":{"rendered":"<p>[vc_row margin_top=&#8221;30&#8243; margin_bottom=&#8221;30&#8243;][vc_column][vc_column_text] De parel van de Tyrreense Zee Vele aanbiedingen en mogelijkheden voor uw vakantie op Elba [\/vc_column_text][\/vc_column][\/vc_row][vc_row type=&#8221;1&#8243; bg_color=&#8221;#f9fbfd&#8221; bg_position=&#8221;center&#8221; padding_top=&#8221;50&#8243; padding_bottom=&#8221;50&#8243; bg_image=&#8221;https:\/\/www.aquanautic-elba.de\/\/wp-content\/uploads\/2014\/06\/bg_elba2.jpg&#8221;][vc_column width=&#8221;1\/2&#8243;][\/vc_column][vc_column width=&#8221;1\/2&#8243;][vc_column_text] Het eiland Elba [\/vc_column_text][vc_column_text]Het op drie na grootste eiland van Itali\u00eb verenigt alle voordelen van Toscane. Van met pijnbomen begroeide bergen tot fijne zandstranden vindt men op het&hellip;<\/p>\n","protected":false},"author":5,"featured_media":0,"parent":0,"menu_order":4,"comment_status":"closed","ping_status":"closed","template":"","meta":{"_acf_changed":false,"inline_featured_image":false,"footnotes":""},"class_list":["post-4380","page","type-page","status-publish","hentry","description-off"],"acf":[],"yoast_head":"<!-- This site is optimized with the Yoast SEO plugin v25.3 - https:\/\/yoast.com\/wordpress\/plugins\/seo\/ -->\n<title>Elba - Aquanautic Elba \u2013 Uw duikschool op Elba aan de Middellandse Zee<\/title>\n<meta name=\"robots\" content=\"index, follow, max-snippet:-1, max-image-preview:large, max-video-preview:-1\" \/>\n<link rel=\"canonical\" href=\"https:\/\/aquanautic-elba.de\/nl\/elba\/\" \/>\n<meta property=\"og:locale\" content=\"nl_NL\" \/>\n<meta property=\"og:type\" content=\"article\" \/>\n<meta property=\"og:title\" content=\"Elba - Aquanautic Elba \u2013 Uw duikschool op Elba aan de Middellandse Zee\" \/>\n<meta property=\"og:description\" content=\"[vc_row margin_top=&#8221;30&#8243; margin_bottom=&#8221;30&#8243;][vc_column][vc_column_text] De parel van de Tyrreense Zee Vele aanbiedingen en mogelijkheden voor uw vakantie op Elba [\/vc_column_text][\/vc_column][\/vc_row][vc_row type=&#8221;1&#8243; bg_color=&#8221;#f9fbfd&#8221; bg_position=&#8221;center&#8221; padding_top=&#8221;50&#8243; padding_bottom=&#8221;50&#8243; bg_image=&#8221;https:\/\/www.aquanautic-elba.de\/\/wp-content\/uploads\/2014\/06\/bg_elba2.jpg&#8221;][vc_column width=&#8221;1\/2&#8243;][\/vc_column][vc_column width=&#8221;1\/2&#8243;][vc_column_text] Het eiland Elba [\/vc_column_text][vc_column_text]Het op drie na grootste eiland van Itali\u00eb verenigt alle voordelen van Toscane. Van met pijnbomen begroeide bergen tot fijne zandstranden vindt men op het&hellip;\" \/>\n<meta property=\"og:url\" content=\"https:\/\/aquanautic-elba.de\/nl\/elba\/\" \/>\n<meta property=\"og:site_name\" content=\"Aquanautic Elba \u2013 Uw duikschool op Elba aan de Middellandse Zee\" \/>\n<meta property=\"article:modified_time\" content=\"2016-01-20T10:28:56+00:00\" \/>\n<meta name=\"twitter:label1\" content=\"Geschatte leestijd\" \/>\n\t<meta name=\"twitter:data1\" content=\"6 minuten\" \/>\n<script type=\"application\/ld+json\" class=\"yoast-schema-graph\">{\"@context\":\"https:\/\/schema.org\",\"@graph\":[{\"@type\":\"WebPage\",\"@id\":\"https:\/\/aquanautic-elba.de\/nl\/elba\/\",\"url\":\"https:\/\/aquanautic-elba.de\/nl\/elba\/\",\"name\":\"Elba - Aquanautic Elba \u2013 Uw duikschool op Elba aan de Middellandse Zee\",\"isPartOf\":{\"@id\":\"https:\/\/aquanautic-elba.de\/#website\"},\"datePublished\":\"2014-04-01T12:32:25+00:00\",\"dateModified\":\"2016-01-20T10:28:56+00:00\",\"breadcrumb\":{\"@id\":\"https:\/\/aquanautic-elba.de\/nl\/elba\/#breadcrumb\"},\"inLanguage\":\"nl-NL\",\"potentialAction\":[{\"@type\":\"ReadAction\",\"target\":[\"https:\/\/aquanautic-elba.de\/nl\/elba\/\"]}]},{\"@type\":\"BreadcrumbList\",\"@id\":\"https:\/\/aquanautic-elba.de\/nl\/elba\/#breadcrumb\",\"itemListElement\":[{\"@type\":\"ListItem\",\"position\":1,\"name\":\"Home\",\"item\":\"https:\/\/aquanautic-elba.de\/nl\/\"},{\"@type\":\"ListItem\",\"position\":2,\"name\":\"Elba\"}]},{\"@type\":\"WebSite\",\"@id\":\"https:\/\/aquanautic-elba.de\/#website\",\"url\":\"https:\/\/aquanautic-elba.de\/\",\"name\":\"Aquanautic Elba \u2013 Uw duikschool op Elba aan de Middellandse Zee\",\"description\":\"\",\"potentialAction\":[{\"@type\":\"SearchAction\",\"target\":{\"@type\":\"EntryPoint\",\"urlTemplate\":\"https:\/\/aquanautic-elba.de\/?s={search_term_string}\"},\"query-input\":{\"@type\":\"PropertyValueSpecification\",\"valueRequired\":true,\"valueName\":\"search_term_string\"}}],\"inLanguage\":\"nl-NL\"}]}<\/script>\n<!-- \/ Yoast SEO plugin. -->","yoast_head_json":{"title":"Elba - Aquanautic Elba \u2013 Uw duikschool op Elba aan de Middellandse Zee","robots":{"index":"index","follow":"follow","max-snippet":"max-snippet:-1","max-image-preview":"max-image-preview:large","max-video-preview":"max-video-preview:-1"},"canonical":"https:\/\/aquanautic-elba.de\/nl\/elba\/","og_locale":"nl_NL","og_type":"article","og_title":"Elba - Aquanautic Elba \u2013 Uw duikschool op Elba aan de Middellandse Zee","og_description":"[vc_row margin_top=&#8221;30&#8243; margin_bottom=&#8221;30&#8243;][vc_column][vc_column_text] De parel van de Tyrreense Zee Vele aanbiedingen en mogelijkheden voor uw vakantie op Elba [\/vc_column_text][\/vc_column][\/vc_row][vc_row type=&#8221;1&#8243; bg_color=&#8221;#f9fbfd&#8221; bg_position=&#8221;center&#8221; padding_top=&#8221;50&#8243; padding_bottom=&#8221;50&#8243; bg_image=&#8221;https:\/\/www.aquanautic-elba.de\/\/wp-content\/uploads\/2014\/06\/bg_elba2.jpg&#8221;][vc_column width=&#8221;1\/2&#8243;][\/vc_column][vc_column width=&#8221;1\/2&#8243;][vc_column_text] Het eiland Elba [\/vc_column_text][vc_column_text]Het op drie na grootste eiland van Itali\u00eb verenigt alle voordelen van Toscane. Van met pijnbomen begroeide bergen tot fijne zandstranden vindt men op het&hellip;","og_url":"https:\/\/aquanautic-elba.de\/nl\/elba\/","og_site_name":"Aquanautic Elba \u2013 Uw duikschool op Elba aan de Middellandse Zee","article_modified_time":"2016-01-20T10:28:56+00:00","twitter_misc":{"Geschatte leestijd":"6 minuten"},"schema":{"@context":"https:\/\/schema.org","@graph":[{"@type":"WebPage","@id":"https:\/\/aquanautic-elba.de\/nl\/elba\/","url":"https:\/\/aquanautic-elba.de\/nl\/elba\/","name":"Elba - Aquanautic Elba \u2013 Uw duikschool op Elba aan de Middellandse Zee","isPartOf":{"@id":"https:\/\/aquanautic-elba.de\/#website"},"datePublished":"2014-04-01T12:32:25+00:00","dateModified":"2016-01-20T10:28:56+00:00","breadcrumb":{"@id":"https:\/\/aquanautic-elba.de\/nl\/elba\/#breadcrumb"},"inLanguage":"nl-NL","potentialAction":[{"@type":"ReadAction","target":["https:\/\/aquanautic-elba.de\/nl\/elba\/"]}]},{"@type":"BreadcrumbList","@id":"https:\/\/aquanautic-elba.de\/nl\/elba\/#breadcrumb","itemListElement":[{"@type":"ListItem","position":1,"name":"Home","item":"https:\/\/aquanautic-elba.de\/nl\/"},{"@type":"ListItem","position":2,"name":"Elba"}]},{"@type":"WebSite","@id":"https:\/\/aquanautic-elba.de\/#website","url":"https:\/\/aquanautic-elba.de\/","name":"Aquanautic Elba \u2013 Uw duikschool op Elba aan de Middellandse Zee","description":"","potentialAction":[{"@type":"SearchAction","target":{"@type":"EntryPoint","urlTemplate":"https:\/\/aquanautic-elba.de\/?s={search_term_string}"},"query-input":{"@type":"PropertyValueSpecification","valueRequired":true,"valueName":"search_term_string"}}],"inLanguage":"nl-NL"}]}},"_links":{"self":[{"href":"https:\/\/aquanautic-elba.de\/nl\/wp-json\/wp\/v2\/pages\/4380","targetHints":{"allow":["GET"]}}],"collection":[{"href":"https:\/\/aquanautic-elba.de\/nl\/wp-json\/wp\/v2\/pages"}],"about":[{"href":"https:\/\/aquanautic-elba.de\/nl\/wp-json\/wp\/v2\/types\/page"}],"author":[{"embeddable":true,"href":"https:\/\/aquanautic-elba.de\/nl\/wp-json\/wp\/v2\/users\/5"}],"replies":[{"embeddable":true,"href":"https:\/\/aquanautic-elba.de\/nl\/wp-json\/wp\/v2\/comments?post=4380"}],"version-history":[{"count":0,"href":"https:\/\/aquanautic-elba.de\/nl\/wp-json\/wp\/v2\/pages\/4380\/revisions"}],"wp:attachment":[{"href":"https:\/\/aquanautic-elba.de\/nl\/wp-json\/wp\/v2\/media?parent=4380"}],"curies":[{"name":"wp","href":"https:\/\/api.w.org\/{rel}","templated":true}]}}